{"id":1867,"date":"2023-01-21T20:41:02","date_gmt":"2023-01-21T19:41:02","guid":{"rendered":"http:\/\/localhost:8888\/conch-pearls-2023\/?page_id=1867"},"modified":"2023-02-12T02:40:43","modified_gmt":"2023-02-12T01:40:43","slug":"impressum","status":"publish","type":"page","link":"https:\/\/www.conch-pearls.de\/en\/impressum\/","title":{"rendered":"Imprint"},"content":{"rendered":"<div data-elementor-type=\"wp-page\" data-elementor-id=\"1867\" class=\"elementor elementor-1867\">\n\t\t\t\t\t\t\t<div class=\"elementor-element elementor-element-7b09097b e-con-boxed e-con\" data-id=\"7b09097b\" data-element_type=\"container\" data-settings=\"{&quot;background_background&quot;:&quot;classic&quot;,&quot;content_width&quot;:&quot;boxed&quot;}\">\n\t\t\t\t\t<div class=\"e-con-inner\">\n\t\t<div class=\"elementor-element elementor-element-77e24c49 e-con-full e-con\" data-id=\"77e24c49\" data-element_type=\"container\" data-settings=\"{&quot;content_width&quot;:&quot;full&quot;}\">\n\t\t<div class=\"elementor-element elementor-element-18bcf74c e-con-full e-con\" data-id=\"18bcf74c\" data-element_type=\"container\" data-settings=\"{&quot;content_width&quot;:&quot;full&quot;}\">\n\t\t<div class=\"elementor-element elementor-element-61a0d238 e-con-full e-con\" data-id=\"61a0d238\" data-element_type=\"container\" data-settings=\"{&quot;content_width&quot;:&quot;full&quot;}\">\n\t\t\t\t<div class=\"elementor-element elementor-element-2d108e34 elementor-widget elementor-widget-heading\" data-id=\"2d108e34\" data-element_type=\"widget\" data-widget_type=\"heading.default\">\n\t\t\t\t<div class=\"elementor-widget-container\">\n\t\t\t<style>\/*! elementor - v3.10.2 - 29-01-2023 *\/\n.elementor-heading-title{padding:0;margin:0;line-height:1}.elementor-widget-heading .elementor-heading-title[class*=elementor-size-]>a{color:inherit;font-size:inherit;line-height:inherit}.elementor-widget-heading .elementor-heading-title.elementor-size-small{font-size:15px}.elementor-widget-heading .elementor-heading-title.elementor-size-medium{font-size:19px}.elementor-widget-heading .elementor-heading-title.elementor-size-large{font-size:29px}.elementor-widget-heading .elementor-heading-title.elementor-size-xl{font-size:39px}.elementor-widget-heading .elementor-heading-title.elementor-size-xxl{font-size:59px}<\/style><h3 class=\"elementor-heading-title elementor-size-default\">Imprint<\/h3>\t\t<\/div>\n\t\t\t\t<\/div>\n\t\t\t\t<div class=\"elementor-element elementor-element-7a1d1138 elementor-widget__width-inherit elementor-widget elementor-widget-text-editor\" data-id=\"7a1d1138\" data-element_type=\"widget\" data-widget_type=\"text-editor.default\">\n\t\t\t\t<div class=\"elementor-widget-container\">\n\t\t\t<style>\/*! elementor - v3.10.2 - 29-01-2023 *\/\n.elementor-widget-text-editor.elementor-drop-cap-view-stacked .elementor-drop-cap{background-color:#818a91;color:#fff}.elementor-widget-text-editor.elementor-drop-cap-view-framed .elementor-drop-cap{color:#818a91;border:3px solid;background-color:transparent}.elementor-widget-text-editor:not(.elementor-drop-cap-view-default) .elementor-drop-cap{margin-top:8px}.elementor-widget-text-editor:not(.elementor-drop-cap-view-default) .elementor-drop-cap-letter{width:1em;height:1em}.elementor-widget-text-editor .elementor-drop-cap{float:left;text-align:center;line-height:1;font-size:50px}.elementor-widget-text-editor .elementor-drop-cap-letter{display:inline-block}<\/style>\t\t\t\t<h4><strong>Content and offer<\/strong><\/h4><p><strong>CP Handels GmbH<br \/><\/strong>Dieselstrasse 10<br \/>89231 Neu-Ulm<br \/><a class=\"mail-link\" data-enc-email=\"vasb[at]pbapu-crneyf.qr\" data-wpel-link=\"ignore\"><span id=\"wpmt-151638-464698\"><br \/><\/span><\/a>Tel.:<a href=\"tel:+49%20(0)731%204032007\">+49 (0)731 4032007<\/a><br \/>E-Mail:\u00a0<a class=\"mail-link\" data-enc-email=\"vasb[at]pbapu-crneyf.qr\" data-wpel-link=\"ignore\"><span id=\"wpmt-967045-461574\">info@conch-pearls.de<br \/><\/span><\/a><a class=\"mail-link\" data-enc-email=\"vasb[at]pbapu-crneyf.qr\" data-wpel-link=\"ignore\"><span id=\"wpmt-151638-464698\">info@conch-pearls.de<\/span><\/a><\/p><h4><strong>Managing Directors<\/strong><\/h4><p>Stefan Auer<br \/>Alfonso Anzivino<\/p><h4><strong>Sales Tax Number:<\/strong><\/h4><p>DE318381451<\/p><h4><strong>Commercial register<\/strong><\/h4><p>Amtsgericht Memmingen, HRB 19485<\/p><h4><strong>Disclaimer<\/strong><\/h4><p>Despite careful control of the content, we assume no liability for the content of external links. The operators of the linked pages are solely responsible for their content.<\/p><h4><strong>Information on online dispute resolution<br \/><\/strong><\/h4><p>The European Commission provides a platform for online dispute resolution (OS), which you can find at http:\/\/ec.europa.eu\/consumers\/odr\/. We are not obligated to participate in a dispute resolution procedure before a consumer arbitration board and are generally not prepared to do so.<\/p><h4><strong>Picture rights<br \/><\/strong><\/h4><p>argus kommunikationsdesign\u00a0GmbH\u00a0<br \/>Stefan Mesitschek<br \/>Im Welschen Feld 12, 75449 Wurmberg<\/p><p><span style=\"text-decoration: underline;\">Many thanks to Stefan Mesitschek.<\/span><\/p><p>On some of our pages we use images from the following image agencies: Creative Commons CC0, many thanks to pixabay.de<\/p><h4><strong>Web Design and Technical Support<\/strong><\/h4><p>Bora \u00d6nal (Diplom-Wirtschaftsinformatiker)<br \/>Raiffeisenstra\u00dfe 9<br \/>75217 Birkenfeld<\/p><p>E-Mail: info@boraoenal.com<br \/>www.boraoenal.com<\/p>\t\t\t\t\t\t<\/div>\n\t\t\t\t<\/div>\n\t\t\t\t<\/div>\n\t\t\t\t<\/div>\n\t\t\t\t<\/div>\n\t\t\t\t\t<\/div>\n\t\t\t\t<\/div>\n\t\t\t\t\t\t\t<\/div>","protected":false},"excerpt":{"rendered":"<p>Impressum Inhalt und Angebot CP Handels GmbHDieselstrasse 1089231 Neu-UlmTelefon:+49 (0)731 4032007E-Mail:\u00a0info@conch-pearls.deinfo@conch-pearls.de Gesch\u00e4ftsf\u00fchrer Stefan AuerAlfonso Anzivino USt-IdNr. DE318381451 Handelsregister Amtsgericht Memmingen, HRB 19485 Haftungshinweis Trotz sorgf\u00e4ltiger inhaltlicher Kontrolle \u00fcbernehmen wir keine Haftungf\u00fcr die Inhalte externer Links. F\u00fcr den Inhalt der verlinkten Seiten sind ausschlie\u00dflich deren Betreiber verantwortlich. Informationen zur Online-Streitbeilegung Die Europ\u00e4ische Kommission stellt eine Plattform &hellip;<\/p>\n<p class=\"read-more\"> <a class=\"\" href=\"https:\/\/www.conch-pearls.de\/en\/impressum\/\"> <span class=\"screen-reader-text\">Imprint<\/span> Read More &raquo;<\/a><\/p>","protected":false},"author":1,"featured_media":0,"parent":0,"menu_order":0,"comment_status":"closed","ping_status":"closed","template":"","meta":{"site-sidebar-layout":"no-sidebar","site-content-layout":"page-builder","ast-global-header-display":"","ast-main-header-display":"","ast-hfb-above-header-display":"","ast-hfb-below-header-display":"","ast-hfb-mobile-header-display":"","site-post-title":"disabled","ast-breadcrumbs-content":"","ast-featured-img":"disabled","footer-sml-layout":"","theme-transparent-header-meta":"","adv-header-id-meta":"","stick-header-meta":"","header-above-stick-meta":"","header-main-stick-meta":"","header-below-stick-meta":"","footnotes":""},"class_list":["post-1867","page","type-page","status-publish","hentry"],"yoast_head":"<!-- This site is optimized with the Yoast SEO plugin v20.3 - https:\/\/yoast.com\/wordpress\/plugins\/seo\/ -->\n<title>Impressum - CP Handels GmbH<\/title>\n<meta name=\"robots\" content=\"index, follow, max-snippet:-1, max-image-preview:large, max-video-preview:-1\" \/>\n<link rel=\"canonical\" href=\"http:\/\/www.conch-pearls.de\/en\/impressum\/\" \/>\n<meta property=\"og:locale\" content=\"en_GB\" \/>\n<meta property=\"og:type\" content=\"article\" \/>\n<meta property=\"og:title\" content=\"Impressum - CP Handels GmbH\" \/>\n<meta property=\"og:description\" content=\"Impressum Inhalt und Angebot CP Handels GmbHDieselstrasse 1089231 Neu-UlmTelefon:+49 (0)731 4032007E-Mail:\u00a0info@conch-pearls.deinfo@conch-pearls.de Gesch\u00e4ftsf\u00fchrer Stefan AuerAlfonso Anzivino USt-IdNr. DE318381451 Handelsregister Amtsgericht Memmingen, HRB 19485 Haftungshinweis Trotz sorgf\u00e4ltiger inhaltlicher Kontrolle \u00fcbernehmen wir keine Haftungf\u00fcr die Inhalte externer Links. F\u00fcr den Inhalt der verlinkten Seiten sind ausschlie\u00dflich deren Betreiber verantwortlich. Informationen zur Online-Streitbeilegung Die Europ\u00e4ische Kommission stellt eine Plattform &hellip; Impressum Read More &raquo;\" \/>\n<meta property=\"og:url\" content=\"http:\/\/www.conch-pearls.de\/en\/impressum\/\" \/>\n<meta property=\"og:site_name\" content=\"CP Handels GmbH\" \/>\n<meta property=\"article:publisher\" content=\"https:\/\/www.facebook.com\/natural.conchpearls\" \/>\n<meta property=\"article:modified_time\" content=\"2023-02-12T01:40:43+00:00\" \/>\n<meta name=\"twitter:card\" content=\"summary_large_image\" \/>\n<meta name=\"twitter:label1\" content=\"Estimated reading time\" \/>\n\t<meta name=\"twitter:data1\" content=\"1 minute\" \/>\n<script type=\"application\/ld+json\" class=\"yoast-schema-graph\">{\"@context\":\"https:\/\/schema.org\",\"@graph\":[{\"@type\":\"WebPage\",\"@id\":\"http:\/\/www.conch-pearls.de\/en\/impressum\/\",\"url\":\"http:\/\/www.conch-pearls.de\/en\/impressum\/\",\"name\":\"Impressum - CP Handels GmbH\",\"isPartOf\":{\"@id\":\"https:\/\/www.conch-pearls.de\/#website\"},\"datePublished\":\"2023-01-21T19:41:02+00:00\",\"dateModified\":\"2023-02-12T01:40:43+00:00\",\"breadcrumb\":{\"@id\":\"http:\/\/www.conch-pearls.de\/en\/impressum\/#breadcrumb\"},\"inLanguage\":\"en-GB\",\"potentialAction\":[{\"@type\":\"ReadAction\",\"target\":[\"http:\/\/www.conch-pearls.de\/en\/impressum\/\"]}]},{\"@type\":\"BreadcrumbList\",\"@id\":\"http:\/\/www.conch-pearls.de\/en\/impressum\/#breadcrumb\",\"itemListElement\":[{\"@type\":\"ListItem\",\"position\":1,\"name\":\"Startseite\",\"item\":\"https:\/\/www.conch-pearls.de\/\"},{\"@type\":\"ListItem\",\"position\":2,\"name\":\"Impressum\"}]},{\"@type\":\"WebSite\",\"@id\":\"https:\/\/www.conch-pearls.de\/#website\",\"url\":\"https:\/\/www.conch-pearls.de\/\",\"name\":\"CP Handels GmbH\",\"description\":\"Die CP Handels GmbH ist Ihr Ansprechpartner f\u00fcr exklusive Conch Naturperlen.  Wir verkaufen ausschlie\u00dflich echte zertifizierte Conch Perlen. Aufgrund der langj\u00e4hrigen Erfahrung und unseren guten Gesch\u00e4ftsbeziehungen sind wir in der Lage, unsere Auswahl \u2013 trotz aller Rarit\u00e4t der Perle \u2013 aufrecht zu erhalten.\",\"publisher\":{\"@id\":\"https:\/\/www.conch-pearls.de\/#organization\"},\"potentialAction\":[{\"@type\":\"SearchAction\",\"target\":{\"@type\":\"EntryPoint\",\"urlTemplate\":\"https:\/\/www.conch-pearls.de\/?s={search_term_string}\"},\"query-input\":\"required name=search_term_string\"}],\"inLanguage\":\"en-GB\"},{\"@type\":\"Organization\",\"@id\":\"https:\/\/www.conch-pearls.de\/#organization\",\"name\":\"CP Handels GmbH\",\"url\":\"https:\/\/www.conch-pearls.de\/\",\"logo\":{\"@type\":\"ImageObject\",\"inLanguage\":\"en-GB\",\"@id\":\"https:\/\/www.conch-pearls.de\/#\/schema\/logo\/image\/\",\"url\":\"https:\/\/www.conch-pearls.de\/wp-content\/uploads\/2023\/01\/cropped-Logo_Conch_Pearls.png\",\"contentUrl\":\"https:\/\/www.conch-pearls.de\/wp-content\/uploads\/2023\/01\/cropped-Logo_Conch_Pearls.png\",\"width\":580,\"height\":310,\"caption\":\"CP Handels GmbH\"},\"image\":{\"@id\":\"https:\/\/www.conch-pearls.de\/#\/schema\/logo\/image\/\"},\"sameAs\":[\"https:\/\/www.facebook.com\/natural.conchpearls\",\"https:\/\/www.instagram.com\/conch_pearls\/\"]}]}<\/script>\n<!-- \/ Yoast SEO plugin. -->","yoast_head_json":{"title":"Impressum - CP Handels GmbH","robots":{"index":"index","follow":"follow","max-snippet":"max-snippet:-1","max-image-preview":"max-image-preview:large","max-video-preview":"max-video-preview:-1"},"canonical":"http:\/\/www.conch-pearls.de\/en\/impressum\/","og_locale":"en_GB","og_type":"article","og_title":"Impressum - CP Handels GmbH","og_description":"Impressum Inhalt und Angebot CP Handels GmbHDieselstrasse 1089231 Neu-UlmTelefon:+49 (0)731 4032007E-Mail:\u00a0info@conch-pearls.deinfo@conch-pearls.de Gesch\u00e4ftsf\u00fchrer Stefan AuerAlfonso Anzivino USt-IdNr. DE318381451 Handelsregister Amtsgericht Memmingen, HRB 19485 Haftungshinweis Trotz sorgf\u00e4ltiger inhaltlicher Kontrolle \u00fcbernehmen wir keine Haftungf\u00fcr die Inhalte externer Links. F\u00fcr den Inhalt der verlinkten Seiten sind ausschlie\u00dflich deren Betreiber verantwortlich. Informationen zur Online-Streitbeilegung Die Europ\u00e4ische Kommission stellt eine Plattform &hellip; Impressum Read More &raquo;","og_url":"http:\/\/www.conch-pearls.de\/en\/impressum\/","og_site_name":"CP Handels GmbH","article_publisher":"https:\/\/www.facebook.com\/natural.conchpearls","article_modified_time":"2023-02-12T01:40:43+00:00","twitter_card":"summary_large_image","twitter_misc":{"Estimated reading time":"1 minute"},"schema":{"@context":"https:\/\/schema.org","@graph":[{"@type":"WebPage","@id":"http:\/\/www.conch-pearls.de\/en\/impressum\/","url":"http:\/\/www.conch-pearls.de\/en\/impressum\/","name":"Impressum - CP Handels GmbH","isPartOf":{"@id":"https:\/\/www.conch-pearls.de\/#website"},"datePublished":"2023-01-21T19:41:02+00:00","dateModified":"2023-02-12T01:40:43+00:00","breadcrumb":{"@id":"http:\/\/www.conch-pearls.de\/en\/impressum\/#breadcrumb"},"inLanguage":"en-GB","potentialAction":[{"@type":"ReadAction","target":["http:\/\/www.conch-pearls.de\/en\/impressum\/"]}]},{"@type":"BreadcrumbList","@id":"http:\/\/www.conch-pearls.de\/en\/impressum\/#breadcrumb","itemListElement":[{"@type":"ListItem","position":1,"name":"Startseite","item":"https:\/\/www.conch-pearls.de\/"},{"@type":"ListItem","position":2,"name":"Impressum"}]},{"@type":"WebSite","@id":"https:\/\/www.conch-pearls.de\/#website","url":"https:\/\/www.conch-pearls.de\/","name":"CP Handels GmbH","description":"Die CP Handels GmbH ist Ihr Ansprechpartner f\u00fcr exklusive Conch Naturperlen.  Wir verkaufen ausschlie\u00dflich echte zertifizierte Conch Perlen. Aufgrund der langj\u00e4hrigen Erfahrung und unseren guten Gesch\u00e4ftsbeziehungen sind wir in der Lage, unsere Auswahl \u2013 trotz aller Rarit\u00e4t der Perle \u2013 aufrecht zu erhalten.","publisher":{"@id":"https:\/\/www.conch-pearls.de\/#organization"},"potentialAction":[{"@type":"SearchAction","target":{"@type":"EntryPoint","urlTemplate":"https:\/\/www.conch-pearls.de\/?s={search_term_string}"},"query-input":"required name=search_term_string"}],"inLanguage":"en-GB"},{"@type":"Organization","@id":"https:\/\/www.conch-pearls.de\/#organization","name":"CP Handels GmbH","url":"https:\/\/www.conch-pearls.de\/","logo":{"@type":"ImageObject","inLanguage":"en-GB","@id":"https:\/\/www.conch-pearls.de\/#\/schema\/logo\/image\/","url":"https:\/\/www.conch-pearls.de\/wp-content\/uploads\/2023\/01\/cropped-Logo_Conch_Pearls.png","contentUrl":"https:\/\/www.conch-pearls.de\/wp-content\/uploads\/2023\/01\/cropped-Logo_Conch_Pearls.png","width":580,"height":310,"caption":"CP Handels GmbH"},"image":{"@id":"https:\/\/www.conch-pearls.de\/#\/schema\/logo\/image\/"},"sameAs":["https:\/\/www.facebook.com\/natural.conchpearls","https:\/\/www.instagram.com\/conch_pearls\/"]}]}},"_links":{"self":[{"href":"https:\/\/www.conch-pearls.de\/en\/wp-json\/wp\/v2\/pages\/1867","targetHints":{"allow":["GET"]}}],"collection":[{"href":"https:\/\/www.conch-pearls.de\/en\/wp-json\/wp\/v2\/pages"}],"about":[{"href":"https:\/\/www.conch-pearls.de\/en\/wp-json\/wp\/v2\/types\/page"}],"author":[{"embeddable":true,"href":"https:\/\/www.conch-pearls.de\/en\/wp-json\/wp\/v2\/users\/1"}],"replies":[{"embeddable":true,"href":"https:\/\/www.conch-pearls.de\/en\/wp-json\/wp\/v2\/comments?post=1867"}],"version-history":[{"count":28,"href":"https:\/\/www.conch-pearls.de\/en\/wp-json\/wp\/v2\/pages\/1867\/revisions"}],"predecessor-version":[{"id":2923,"href":"https:\/\/www.conch-pearls.de\/en\/wp-json\/wp\/v2\/pages\/1867\/revisions\/2923"}],"wp:attachment":[{"href":"https:\/\/www.conch-pearls.de\/en\/wp-json\/wp\/v2\/media?parent=1867"}],"curies":[{"name":"wp","href":"https:\/\/api.w.org\/{rel}","templated":true}]}}